{"id":9,"date":"2023-07-21T07:41:35","date_gmt":"2023-07-21T05:41:35","guid":{"rendered":"https:\/\/donisolidali.hopeonlus.org\/?page_id=9"},"modified":"2025-12-08T06:00:41","modified_gmt":"2025-12-08T05:00:41","slug":"doni-solidali","status":"publish","type":"page","link":"https:\/\/donisolidali.hopeonlus.org\/","title":{"rendered":"Regali Virtuali"},"content":{"rendered":"<section class=\"wpb-content-wrapper\">[vc_row full_width=&#8221;stretch_row_content_no_spaces&#8221; content_placement=&#8221;middle&#8221; css=&#8221;.vc_custom_1731669602991{margin-top: 0px !important;padding-top: 0px !important;padding-bottom: 0px !important;background-color: #e30613 !important;}&#8221;][vc_column width=&#8221;2\/3&#8243; css=&#8221;.vc_custom_1732284558668{margin-top: 0px !important;margin-bottom: 0px !important;padding-top: 0px !important;padding-bottom: 0px !important;}&#8221; animation_duration=&#8221;2&#8243;]<style>.vcex_69f5b936eab60{--wpex-carousel-gap:15px;}.vcex_69f5b936eab60{--wpex-carousel-columns:1;}.vcex_69f5b936eab60.wpex-carousel:not(.owl-loaded) > *:not(:nth-child(1n+2)) {display: flex !important;}@media only screen and (min-width: 480px) {.vcex_69f5b936eab60{--wpex-carousel-columns:1;}.vcex_69f5b936eab60.wpex-carousel:not(.owl-loaded) > *:not(:nth-child(1n+2)) {display: flex !important;}}@media only screen and (min-width: 768px) {.vcex_69f5b936eab60{--wpex-carousel-columns:1;}.vcex_69f5b936eab60.wpex-carousel:not(.owl-loaded) > *:not(:nth-child(1n+2)) {display: flex !important;}}@media only screen and (min-width: 960px) {.vcex_69f5b936eab60{--wpex-carousel-columns:1;}.vcex_69f5b936eab60.wpex-carousel:not(.owl-loaded) > *:not(:nth-child(1n+2)) {display: flex !important;}}<\/style><div class=\"owl-wrapper-outer\"><div class=\"vcex-module wpex-carousel wpex-carousel-images wpex-clr owl-carousel wpex-carousel--render-onload vcex_69f5b936eab60  wpb_animate_when_almost_visible wpb_fadeIn fadeIn\" data-wpex-carousel=\"{&quot;nav&quot;:&quot;false&quot;,&quot;autoplay&quot;:&quot;true&quot;,&quot;smartSpeed&quot;:500,&quot;items&quot;:1,&quot;autoplayTimeout&quot;:5000,&quot;responsive&quot;:{&quot;0&quot;:{&quot;items&quot;:&quot;1&quot;},&quot;480&quot;:{&quot;items&quot;:1},&quot;768&quot;:{&quot;items&quot;:1},&quot;960&quot;:{&quot;items&quot;:1}},&quot;autoHeight&quot;:&quot;true&quot;}\"><div class=\"wpex-carousel-slide vc_custom_1732284642086\"><figure class=\"wpex-carousel-entry-media entry-media\"><img loading=\"lazy\" decoding=\"async\" width=\"2162\" height=\"1730\" src=\"https:\/\/donisolidali.hopeonlus.org\/wp-content\/uploads\/2024\/11\/Bambina-India.jpg\" class=\"wpex-aspect-16-9 wpex-object-cover wpex-align-middle skip-lazy\" alt=\"\" data-no-lazy=\"1\" srcset=\"https:\/\/donisolidali.hopeonlus.org\/wp-content\/uploads\/2024\/11\/Bambina-India.jpg 2162w, https:\/\/donisolidali.hopeonlus.org\/wp-content\/uploads\/2024\/11\/Bambina-India-300x240.jpg 300w, https:\/\/donisolidali.hopeonlus.org\/wp-content\/uploads\/2024\/11\/Bambina-India-1024x819.jpg 1024w, https:\/\/donisolidali.hopeonlus.org\/wp-content\/uploads\/2024\/11\/Bambina-India-768x615.jpg 768w, https:\/\/donisolidali.hopeonlus.org\/wp-content\/uploads\/2024\/11\/Bambina-India-1536x1229.jpg 1536w, https:\/\/donisolidali.hopeonlus.org\/wp-content\/uploads\/2024\/11\/Bambina-India-2048x1639.jpg 2048w, https:\/\/donisolidali.hopeonlus.org\/wp-content\/uploads\/2024\/11\/Bambina-India-600x480.jpg 600w\" sizes=\"auto, (max-width: 2162px) 100vw, 2162px\" \/><\/figure><\/div><div class=\"wpex-carousel-slide vc_custom_1732284642086\"><figure class=\"wpex-carousel-entry-media entry-media\"><img loading=\"lazy\" decoding=\"async\" width=\"1920\" height=\"1440\" src=\"https:\/\/donisolidali.hopeonlus.org\/wp-content\/uploads\/2024\/11\/f1b6f621-38bf-4c05-9851-be0b66c6914a.jpg\" class=\"wpex-aspect-16-9 wpex-object-cover wpex-align-middle skip-lazy\" alt=\"\" data-no-lazy=\"1\" srcset=\"https:\/\/donisolidali.hopeonlus.org\/wp-content\/uploads\/2024\/11\/f1b6f621-38bf-4c05-9851-be0b66c6914a.jpg 1920w, https:\/\/donisolidali.hopeonlus.org\/wp-content\/uploads\/2024\/11\/f1b6f621-38bf-4c05-9851-be0b66c6914a-300x225.jpg 300w, https:\/\/donisolidali.hopeonlus.org\/wp-content\/uploads\/2024\/11\/f1b6f621-38bf-4c05-9851-be0b66c6914a-1024x768.jpg 1024w, https:\/\/donisolidali.hopeonlus.org\/wp-content\/uploads\/2024\/11\/f1b6f621-38bf-4c05-9851-be0b66c6914a-768x576.jpg 768w, https:\/\/donisolidali.hopeonlus.org\/wp-content\/uploads\/2024\/11\/f1b6f621-38bf-4c05-9851-be0b66c6914a-1536x1152.jpg 1536w, https:\/\/donisolidali.hopeonlus.org\/wp-content\/uploads\/2024\/11\/f1b6f621-38bf-4c05-9851-be0b66c6914a-600x450.jpg 600w\" sizes=\"auto, (max-width: 1920px) 100vw, 1920px\" \/><\/figure><\/div><div class=\"wpex-carousel-slide vc_custom_1732284642086\"><figure class=\"wpex-carousel-entry-media entry-media\"><img loading=\"lazy\" decoding=\"async\" width=\"2560\" height=\"1707\" src=\"https:\/\/donisolidali.hopeonlus.org\/wp-content\/uploads\/2024\/11\/DSC_0408-1-scaled.jpg\" class=\"wpex-aspect-16-9 wpex-object-cover wpex-align-middle skip-lazy\" alt=\"\" data-no-lazy=\"1\" srcset=\"https:\/\/donisolidali.hopeonlus.org\/wp-content\/uploads\/2024\/11\/DSC_0408-1-scaled.jpg 2560w, https:\/\/donisolidali.hopeonlus.org\/wp-content\/uploads\/2024\/11\/DSC_0408-1-300x200.jpg 300w, https:\/\/donisolidali.hopeonlus.org\/wp-content\/uploads\/2024\/11\/DSC_0408-1-1024x683.jpg 1024w, https:\/\/donisolidali.hopeonlus.org\/wp-content\/uploads\/2024\/11\/DSC_0408-1-768x512.jpg 768w, https:\/\/donisolidali.hopeonlus.org\/wp-content\/uploads\/2024\/11\/DSC_0408-1-1536x1024.jpg 1536w, https:\/\/donisolidali.hopeonlus.org\/wp-content\/uploads\/2024\/11\/DSC_0408-1-2048x1365.jpg 2048w, https:\/\/donisolidali.hopeonlus.org\/wp-content\/uploads\/2024\/11\/DSC_0408-1-600x400.jpg 600w\" sizes=\"auto, (max-width: 2560px) 100vw, 2560px\" \/><\/figure><\/div><div class=\"wpex-carousel-slide vc_custom_1732284642086\"><figure class=\"wpex-carousel-entry-media entry-media\"><img loading=\"lazy\" decoding=\"async\" width=\"1086\" height=\"543\" src=\"https:\/\/donisolidali.hopeonlus.org\/wp-content\/uploads\/2024\/11\/Medicinali-per-Gaza-e1731420119729.jpg\" class=\"wpex-aspect-16-9 wpex-object-cover wpex-align-middle skip-lazy\" alt=\"\" data-no-lazy=\"1\" srcset=\"https:\/\/donisolidali.hopeonlus.org\/wp-content\/uploads\/2024\/11\/Medicinali-per-Gaza-e1731420119729.jpg 1086w, https:\/\/donisolidali.hopeonlus.org\/wp-content\/uploads\/2024\/11\/Medicinali-per-Gaza-e1731420119729-300x150.jpg 300w, https:\/\/donisolidali.hopeonlus.org\/wp-content\/uploads\/2024\/11\/Medicinali-per-Gaza-e1731420119729-1024x512.jpg 1024w, https:\/\/donisolidali.hopeonlus.org\/wp-content\/uploads\/2024\/11\/Medicinali-per-Gaza-e1731420119729-768x384.jpg 768w, https:\/\/donisolidali.hopeonlus.org\/wp-content\/uploads\/2024\/11\/Medicinali-per-Gaza-e1731420119729-600x300.jpg 600w\" sizes=\"auto, (max-width: 1086px) 100vw, 1086px\" \/><\/figure><\/div><\/div><\/div>[\/vc_column][vc_column width=&#8221;1\/3&#8243; css=&#8221;.vc_custom_1731669450158{margin-top: 0px !important;margin-bottom: 0px !important;padding-top: 0px !important;padding-bottom: 0px !important;}&#8221;][vc_single_image image=&#8221;418&#8243; alignment=&#8221;center&#8221; css=&#8221;.vc_custom_1760368650256{padding-top: 10% !important;padding-right: 10% !important;padding-bottom: 10% !important;padding-left: 10% !important;}&#8221;][\/vc_column][\/vc_row][vc_row css=&#8221;.vc_custom_1760368249759{margin-top: 45px !important;}&#8221;][vc_column width=&#8221;1\/3&#8243;][vc_single_image image=&#8221;304&#8243; onclick=&#8221;custom_link&#8221; link=&#8221;https:\/\/donisolidali.hopeonlus.org\/index.php\/regali-solidali\/&#8221;][vc_column_text text_align=&#8221;center&#8221; color=&#8221;#ffffff&#8221; font_size=&#8221;18&#8243; font_family=&#8221;Cabin&#8221; font_weight=&#8221;bold&#8221; css=&#8221;.vc_custom_1731426038122{padding-top: 15px !important;padding-right: 8px !important;padding-bottom: 10px !important;padding-left: 8px !important;background-color: #e30613 !important;}&#8221;]\n<p style=\"text-align: center;\"><a href=\"https:\/\/donisolidali.hopeonlus.org\/index.php\/regali-solidali\/\">REGALI SOLIDALI<\/a><\/p>\n[\/vc_column_text][\/vc_column][vc_column width=&#8221;1\/3&#8243;][vc_single_image image=&#8221;303&#8243; onclick=&#8221;custom_link&#8221; img_link_target=&#8221;_blank&#8221; link=&#8221;https:\/\/donisolidali.hopeonlus.org\/index.php\/progetti\/&#8221;][vc_column_text text_align=&#8221;center&#8221; color=&#8221;#ffffff&#8221; font_size=&#8221;18&#8243; font_family=&#8221;Cabin&#8221; font_weight=&#8221;bold&#8221; css=&#8221;.vc_custom_1760368143732{padding-top: 15px !important;padding-right: 8px !important;padding-bottom: 10px !important;padding-left: 8px !important;background-color: #e30613 !important;}&#8221;]\n<p style=\"text-align: center;\"><a href=\"https:\/\/donisolidali.hopeonlus.org\/index.php\/progetti\/\" target=\"_blank\" rel=\"noopener\">REGALI VIRTUALI<\/a><\/p>\n[\/vc_column_text][\/vc_column][vc_column width=&#8221;1\/3&#8243;][vc_single_image image=&#8221;302&#8243; onclick=&#8221;custom_link&#8221; link=&#8221;https:\/\/donisolidali.hopeonlus.org\/index.php\/aiuta-un-bambino\/&#8221;][vc_column_text text_align=&#8221;center&#8221; color=&#8221;#ffffff&#8221; font_size=&#8221;18&#8243; font_family=&#8221;Cabin&#8221; font_weight=&#8221;bold&#8221; css=&#8221;.vc_custom_1764867141978{padding-top: 15px !important;padding-right: 8px !important;padding-bottom: 10px !important;padding-left: 8px !important;background-color: #e30613 !important;}&#8221;]\n<p style=\"text-align: center;\"><a href=\"https:\/\/donisolidali.hopeonlus.org\/index.php\/aiuta-un-bambino\/\">AIUTA UN BAMBINO<\/a><\/p>\n[\/vc_column_text][\/vc_column][\/vc_row][vc_row][vc_column][vc_row_inner][vc_column_inner][vc_single_image image=&#8221;422&#8243; alignment=&#8221;center&#8221; css=&#8221;.vc_custom_1760369000713{margin-top: 35px !important;margin-bottom: 20px !important;}&#8221;][vc_column_text text_align=&#8221;center&#8221; color=&#8221;#e30613&#8243; font_size=&#8221;50&#8243; font_weight=&#8221;extrabold&#8221; line_height=&#8221;tight&#8221;]Scegli un regalo per aiutare i bambini di Hope[\/vc_column_text][vc_column_text text_align=&#8221;center&#8221; color=&#8221;#929697&#8243; font_size=&#8221;38&#8243; font_weight=&#8221;extrabold&#8221; line_height=&#8221;tight&#8221;]\n<p style=\"text-align: center;\">ordina entro il 19 dicembre 2025<\/p>\n[\/vc_column_text][\/vc_column_inner][\/vc_row_inner][vc_basic_grid post_type=&#8221;product&#8221; max_items=&#8221;6&#8243; item=&#8221;76&#8243; grid_id=&#8221;vc_gid:1765170022415-85a526da-5ec1-6&#8243; taxonomies=&#8221;17&#8243; exclude=&#8221;245&#8243;][\/vc_column][\/vc_row][vc_row][vc_column][vc_single_image image=&#8221;438&#8243; img_size=&#8221;800&#215;600&#8243; alignment=&#8221;center&#8221;][vc_column_text text_align=&#8221;center&#8221; color=&#8221;#1e396a&#8221; font_size=&#8221;50&#8243; font_weight=&#8221;extrabold&#8221; line_height=&#8221;tight&#8221; css=&#8221;.vc_custom_1760370541782{margin-top: 35px !important;}&#8221;]Come usiamo la tua donazione[\/vc_column_text][vc_row_inner content_placement=&#8221;middle&#8221;][vc_column_inner width=&#8221;1\/2&#8243;][vc_single_image image=&#8221;437&#8243; alignment=&#8221;center&#8221; css=&#8221;.vc_custom_1760371213173{margin-top: 35px !important;}&#8221;][\/vc_column_inner][vc_column_inner width=&#8221;1\/2&#8243;][vc_single_image image=&#8221;445&#8243; alignment=&#8221;center&#8221; css=&#8221;.vc_custom_1760371321918{margin-top: 35px !important;}&#8221;][\/vc_column_inner][\/vc_row_inner][\/vc_column][\/vc_row][vc_row full_width=&#8221;stretch_row&#8221; css=&#8221;.vc_custom_1760370967103{border-bottom-width: 35px !important;padding-top: 35px !important;background-color: #f2f2f2 !important;}&#8221;][vc_column][vc_column_text text_align=&#8221;center&#8221; color=&#8221;#1e396a&#8221; font_size=&#8221;50&#8243; font_weight=&#8221;extrabold&#8221; line_height=&#8221;tight&#8221; css=&#8221;.vc_custom_1760371421441{margin-top: 35px !important;}&#8221;]dal 2006 Hope aiuta bambini in difficolt\u00e0[\/vc_column_text][vc_column_text css=&#8221;.vc_custom_1762349107634{margin-top: 45px !important;margin-bottom: 35px !important;}&#8221;]Carissimi,<br \/>\n<img loading=\"lazy\" decoding=\"async\" class=\"size-medium wp-image-471 alignright\" src=\"https:\/\/donisolidali.hopeonlus.org\/wp-content\/uploads\/2025\/11\/fazzini-cavaliere-al-merito-300x246.jpg\" alt=\"\" width=\"300\" height=\"246\" srcset=\"https:\/\/donisolidali.hopeonlus.org\/wp-content\/uploads\/2025\/11\/fazzini-cavaliere-al-merito-300x246.jpg 300w, https:\/\/donisolidali.hopeonlus.org\/wp-content\/uploads\/2025\/11\/fazzini-cavaliere-al-merito.jpg 487w\" sizes=\"auto, (max-width: 300px) 100vw, 300px\" \/>l\u2019atmosfera magica del Natale sta per avvolgere il mondo, portando amore, luci, colori a tutti noi. Non possiamo dimenticare che per molti questa festa non \u00e8 cos\u00ec gioiosa: guerre, violenza, povert\u00e0, paura ci richiamano all\u2019azione e alla solidariet\u00e0.<\/p>\n<p>Interveniamo in situazioni di emergenza in tutto il mondo: terremoti, alluvioni, conflitti, povert\u00e0 estrema. Con gli operatori umanitari siamo pronti a partire per raggiungere queste zone critiche, condividendo il destino di chi \u00e8 in pericolo e offrendo aiuti concreti e speranza. Dalla distribuzione di beni essenziali a progetti di ricostruzione, lavoriamo senza sosta, 365 giorni all\u2019anno, 7 giorni su 7, per aiutare bambini, famiglie, comunit\u00e0 pi\u00f9 fragili.<\/p>\n<p>Da 20 anni io dedico la mia vita con Hope a portare un aiuto dove serve.<\/p>\n<p>Questo Natale, diventa anche tu il protagonista di una storia straordinaria.<br \/>\nSostieni un progetto umanitario, scegli i nostri doni solidali, deliziose golosit\u00e0 e bellissimi biglietti d\u2019auguri. Ogni tua donazione si trasformer\u00e0 in un gesto concreto di aiuto, in un progetto per l\u2019emergenza, la salute e l\u2019educazione in Palestina, Ucraina, India, Libano e Italia.<\/p>\n<p>Unisciti a noi e fai la differenza. Scegli Hope.<\/p>\n<h3 style=\"text-align: center;\">Auguri di luce e speranza.<\/h3>\n<p><img loading=\"lazy\" decoding=\"async\" class=\"size-medium wp-image-163 aligncenter\" src=\"https:\/\/donisolidali.hopeonlus.org\/wp-content\/uploads\/2023\/11\/Firma-Elena-white-1-300x101.png\" alt=\"\" width=\"300\" height=\"101\" srcset=\"https:\/\/donisolidali.hopeonlus.org\/wp-content\/uploads\/2023\/11\/Firma-Elena-white-1-300x101.png 300w, https:\/\/donisolidali.hopeonlus.org\/wp-content\/uploads\/2023\/11\/Firma-Elena-white-1-1024x344.png 1024w, https:\/\/donisolidali.hopeonlus.org\/wp-content\/uploads\/2023\/11\/Firma-Elena-white-1-768x258.png 768w, https:\/\/donisolidali.hopeonlus.org\/wp-content\/uploads\/2023\/11\/Firma-Elena-white-1-1536x515.png 1536w, https:\/\/donisolidali.hopeonlus.org\/wp-content\/uploads\/2023\/11\/Firma-Elena-white-1-600x201.png 600w, https:\/\/donisolidali.hopeonlus.org\/wp-content\/uploads\/2023\/11\/Firma-Elena-white-1.png 1872w\" sizes=\"auto, (max-width: 300px) 100vw, 300px\" \/><\/p>\n<p style=\"text-align: center;\"><strong><em><span style=\"font-size: 14px;\">Elena Fazzini<\/span><\/em><\/strong><br \/>\n<em><span style=\"font-size: 14px;\">Fondatrice di Hope<br \/>\n<\/span><\/em><em><span style=\"font-size: 14px;\">Premiata Cavaliere al Merito della Repubblica Italiana per le sue azioni esemplari in aiuto dei malati durante la Pandemia Covid-19 in Italia, Brasile, India, Libano.<\/span><\/em><\/p>\n[\/vc_column_text][\/vc_column][\/vc_row]\n<\/section>","protected":false},"excerpt":{"rendered":"<p>[vc_row full_width=&#8221;stretch_row_content_no_spaces&#8221; content_placement=&#8221;middle&#8221; css=&#8221;.vc_custom_1731669602991{margin-top: 0px !important;padding-top: 0px !important;padding-bottom: 0px !important;background-color: #e30613 !important;}&#8221;][vc_column width=&#8221;2\/3&#8243; css=&#8221;.vc_custom_1732284558668{margin-top: 0px !important;margin-bottom: 0px !important;padding-top: 0px !important;padding-bottom: 0px !important;}&#8221; animation_duration=&#8221;2&#8243;][\/vc_column][vc_column width=&#8221;1\/3&#8243; css=&#8221;.vc_custom_1731669450158{margin-top: 0px !important;margin-bottom: 0px !important;padding-top: 0px !important;padding-bottom: 0px !important;}&#8221;][vc_single_image image=&#8221;418&#8243; alignment=&#8221;center&#8221; css=&#8221;.vc_custom_1760368650256{padding-top: 10% !important;padding-right: 10% !important;padding-bottom: 10% !important;padding-left: 10% !important;}&#8221;][\/vc_column][\/vc_row][vc_row css=&#8221;.vc_custom_1760368249759{margin-top: 45px !important;}&#8221;][vc_column width=&#8221;1\/3&#8243;][vc_single_image image=&#8221;304&#8243; onclick=&#8221;custom_link&#8221; link=&#8221;https:\/\/donisolidali.hopeonlus.org\/index.php\/regali-solidali\/&#8221;][vc_column_text text_align=&#8221;center&#8221; color=&#8221;#ffffff&#8221; font_size=&#8221;18&#8243; font_family=&#8221;Cabin&#8221;&hellip;<\/p>\n","protected":false},"author":1,"featured_media":0,"parent":0,"menu_order":0,"comment_status":"closed","ping_status":"closed","template":"","meta":{"footnotes":""},"class_list":["post-9","page","type-page","status-publish","hentry","entry","no-media"],"_links":{"self":[{"href":"https:\/\/donisolidali.hopeonlus.org\/index.php\/wp-json\/wp\/v2\/pages\/9","targetHints":{"allow":["GET"]}}],"collection":[{"href":"https:\/\/donisolidali.hopeonlus.org\/index.php\/wp-json\/wp\/v2\/pages"}],"about":[{"href":"https:\/\/donisolidali.hopeonlus.org\/index.php\/wp-json\/wp\/v2\/types\/page"}],"author":[{"embeddable":true,"href":"https:\/\/donisolidali.hopeonlus.org\/index.php\/wp-json\/wp\/v2\/users\/1"}],"replies":[{"embeddable":true,"href":"https:\/\/donisolidali.hopeonlus.org\/index.php\/wp-json\/wp\/v2\/comments?post=9"}],"version-history":[{"count":98,"href":"https:\/\/donisolidali.hopeonlus.org\/index.php\/wp-json\/wp\/v2\/pages\/9\/revisions"}],"predecessor-version":[{"id":513,"href":"https:\/\/donisolidali.hopeonlus.org\/index.php\/wp-json\/wp\/v2\/pages\/9\/revisions\/513"}],"wp:attachment":[{"href":"https:\/\/donisolidali.hopeonlus.org\/index.php\/wp-json\/wp\/v2\/media?parent=9"}],"curies":[{"name":"wp","href":"https:\/\/api.w.org\/{rel}","templated":true}]}}